{"id":2040,"date":"2021-12-15T14:05:49","date_gmt":"2021-12-15T14:05:49","guid":{"rendered":"https:\/\/knockout.qodeinteractive.com\/?page_id=2040"},"modified":"2023-08-23T23:42:39","modified_gmt":"2023-08-23T21:42:39","slug":"blog-list","status":"publish","type":"page","link":"https:\/\/chrisfight.com\/index.php\/blog-list\/","title":{"rendered":"Blog"},"content":{"rendered":"\t\t<div data-elementor-type=\"wp-page\" data-elementor-id=\"2040\" class=\"elementor elementor-2040\">\n\t\t\t\t\t\t\t\t\t<section class=\"elementor-section elementor-top-section elementor-element elementor-element-953c493 elementor-section-full_width elementor-section-height-default elementor-section-height-default qodef-elementor-content-no\" data-id=\"953c493\" data-element_type=\"section\">\n\t\t\t\t\t\t<div class=\"elementor-container elementor-column-gap-default\">\n\t\t\t\t\t<div class=\"elementor-column elementor-col-100 elementor-top-column elementor-element elementor-element-4efb0c0\" data-id=\"4efb0c0\" data-element_type=\"column\">\n\t\t\t<div class=\"elementor-widget-wrap elementor-element-populated\">\n\t\t\t\t\t\t\t\t<div class=\"elementor-element elementor-element-6ddf9f6 elementor-widget elementor-widget-knockout_core_blog_list\" data-id=\"6ddf9f6\" data-element_type=\"widget\" data-widget_type=\"knockout_core_blog_list.default\">\n\t\t\t\t<div class=\"elementor-widget-container\">\n\t\t\t<div class=\"qodef-shortcode qodef-m  qodef-blog qodef-item-layout--compact  qodef-grid qodef-layout--columns  qodef-gutter--huge qodef-col-num--1 qodef-item-layout--compact qodef-pagination--on qodef-pagination-type--standard qodef-responsive--predefined \" data-options=\"{&quot;plugin&quot;:&quot;knockout_core&quot;,&quot;module&quot;:&quot;blog\\\/shortcodes&quot;,&quot;shortcode&quot;:&quot;blog-list&quot;,&quot;post_type&quot;:&quot;post&quot;,&quot;next_page&quot;:&quot;2&quot;,&quot;max_pages_num&quot;:2,&quot;behavior&quot;:&quot;columns&quot;,&quot;images_proportion&quot;:&quot;full&quot;,&quot;columns&quot;:&quot;1&quot;,&quot;columns_responsive&quot;:&quot;predefined&quot;,&quot;space&quot;:&quot;huge&quot;,&quot;posts_per_page&quot;:&quot;6&quot;,&quot;orderby&quot;:&quot;date&quot;,&quot;order&quot;:&quot;DESC&quot;,&quot;layout&quot;:&quot;compact&quot;,&quot;title_tag&quot;:&quot;h2&quot;,&quot;enable_filter&quot;:&quot;no&quot;,&quot;pagination_type&quot;:&quot;standard&quot;,&quot;object_class_name&quot;:&quot;KnockoutCore_Blog_List_Shortcode&quot;,&quot;taxonomy_filter&quot;:&quot;category&quot;,&quot;space_value&quot;:40}\">\n\t\t<div class=\"qodef-grid-inner clear\">\n\t\t<article class=\"qodef-e qodef-blog-item qodef-grid-item qodef-item--full post-9577 post type-post status-publish format-standard has-post-thumbnail hentry category-le-club\">\n\t<div class=\"qodef-e-inner\">\n\t\t<div class=\"qodef-e-media-outer\">\n\t\t\t<div class=\"qodef-e-media\">\n\t<div class=\"qodef-e-media-image\">\n\t\t<a itemprop=\"url\" href=\"https:\/\/chrisfight.com\/index.php\/2025\/07\/10\/reprise-du-mma-a-la-rentree-de-septembre-2025\/\">\n\t\t\t<img loading=\"lazy\" decoding=\"async\" width=\"2560\" height=\"1707\" src=\"https:\/\/chrisfight.com\/wp-content\/uploads\/2025\/07\/DSC04884-Enhanced-NR-scaled-2.jpg\" class=\"attachment-full size-full wp-post-image\" alt=\"mma Chris fight Bondy\" srcset=\"https:\/\/chrisfight.com\/wp-content\/uploads\/2025\/07\/DSC04884-Enhanced-NR-scaled-2.jpg 2560w, https:\/\/chrisfight.com\/wp-content\/uploads\/2025\/07\/DSC04884-Enhanced-NR-scaled-2-300x200.jpg 300w, https:\/\/chrisfight.com\/wp-content\/uploads\/2025\/07\/DSC04884-Enhanced-NR-scaled-2-1024x683.jpg 1024w, https:\/\/chrisfight.com\/wp-content\/uploads\/2025\/07\/DSC04884-Enhanced-NR-scaled-2-768x512.jpg 768w, https:\/\/chrisfight.com\/wp-content\/uploads\/2025\/07\/DSC04884-Enhanced-NR-scaled-2-1536x1024.jpg 1536w, https:\/\/chrisfight.com\/wp-content\/uploads\/2025\/07\/DSC04884-Enhanced-NR-scaled-2-2048x1366.jpg 2048w, https:\/\/chrisfight.com\/wp-content\/uploads\/2025\/07\/DSC04884-Enhanced-NR-scaled-2-600x400.jpg 600w\" sizes=\"auto, (max-width: 2560px) 100vw, 2560px\" \/>\t\t<\/a>\n\t<\/div>\n<\/div>\n\n\t\t\t<div class=\"qodef-e-top-holder\">\n\t\t\t\t<div class=\"qodef-e-info\">\n\t\t\t\t\t<a href=\"https:\/\/chrisfight.com\/index.php\/category\/le-club\/\" rel=\"tag\">Le Club<\/a><div class=\"qodef-info-separator-end\"><\/div><a title=\"Title Text: \" itemprop=\"dateCreated\" href=\"https:\/\/chrisfight.com\/index.php\/2025\/07\/\" class=\"entry-date \">\n\t10 July 2025<\/a><div class=\"qodef-info-separator-end\"><\/div>\n\t\t\t\t<\/div>\n\t\t\t<\/div>\n\t\t<\/div>\n\t\t<div class=\"qodef-e-content\">\n\t\t\t<div class=\"qodef-e-text\">\n\t\t\t\t<h2 itemprop=\"name\" class=\"qodef-e-title entry-title\" >\n\t<a itemprop=\"url\" class=\"qodef-e-title-link\" href=\"https:\/\/chrisfight.com\/index.php\/2025\/07\/10\/reprise-du-mma-a-la-rentree-de-septembre-2025\/\">\n\t\tREPRISE DU MMA \u00c0 LA RENTR\u00c9E DE SEPTEMBRE 2025\t<\/a>\n<\/h2>\n\t\t\t<\/div>\n\t\t<\/div>\n\t<\/div>\n<\/article>\n<article class=\"qodef-e qodef-blog-item qodef-grid-item qodef-item--full post-9054 post type-post status-publish format-standard has-post-thumbnail hentry category-competition\">\n\t<div class=\"qodef-e-inner\">\n\t\t<div class=\"qodef-e-media-outer\">\n\t\t\t<div class=\"qodef-e-media\">\n\t<div class=\"qodef-e-media-image\">\n\t\t<a itemprop=\"url\" href=\"https:\/\/chrisfight.com\/index.php\/2023\/08\/23\/gala-au-stadium-max-muay-thai-a-pattaya-e\/\">\n\t\t\t<img loading=\"lazy\" decoding=\"async\" width=\"2560\" height=\"1707\" src=\"https:\/\/chrisfight.com\/wp-content\/uploads\/2023\/08\/DSC04884-Enhanced-NR-scaled.jpg\" class=\"attachment-full size-full wp-post-image\" alt=\"chris fight Bondy\" srcset=\"https:\/\/chrisfight.com\/wp-content\/uploads\/2023\/08\/DSC04884-Enhanced-NR-scaled.jpg 2560w, https:\/\/chrisfight.com\/wp-content\/uploads\/2023\/08\/DSC04884-Enhanced-NR-300x200.jpg 300w, https:\/\/chrisfight.com\/wp-content\/uploads\/2023\/08\/DSC04884-Enhanced-NR-1024x683.jpg 1024w, https:\/\/chrisfight.com\/wp-content\/uploads\/2023\/08\/DSC04884-Enhanced-NR-768x512.jpg 768w, https:\/\/chrisfight.com\/wp-content\/uploads\/2023\/08\/DSC04884-Enhanced-NR-1536x1024.jpg 1536w, https:\/\/chrisfight.com\/wp-content\/uploads\/2023\/08\/DSC04884-Enhanced-NR-2048x1365.jpg 2048w, https:\/\/chrisfight.com\/wp-content\/uploads\/2023\/08\/DSC04884-Enhanced-NR-600x400.jpg 600w\" sizes=\"auto, (max-width: 2560px) 100vw, 2560px\" \/>\t\t<\/a>\n\t<\/div>\n<\/div>\n\n\t\t\t<div class=\"qodef-e-top-holder\">\n\t\t\t\t<div class=\"qodef-e-info\">\n\t\t\t\t\t<a href=\"https:\/\/chrisfight.com\/index.php\/category\/competition\/\" rel=\"tag\">Comp\u00e9tition<\/a><div class=\"qodef-info-separator-end\"><\/div><a title=\"Title Text: \" itemprop=\"dateCreated\" href=\"https:\/\/chrisfight.com\/index.php\/2023\/08\/\" class=\"entry-date \">\n\t23 August 2023<\/a><div class=\"qodef-info-separator-end\"><\/div>\n\t\t\t\t<\/div>\n\t\t\t<\/div>\n\t\t<\/div>\n\t\t<div class=\"qodef-e-content\">\n\t\t\t<div class=\"qodef-e-text\">\n\t\t\t\t<h2 itemprop=\"name\" class=\"qodef-e-title entry-title\" >\n\t<a itemprop=\"url\" class=\"qodef-e-title-link\" href=\"https:\/\/chrisfight.com\/index.php\/2023\/08\/23\/gala-au-stadium-max-muay-thai-a-pattaya-e\/\">\n\t\tGala au stadium Max Muay Tha\u00ef \u00e0 Pattaya\t<\/a>\n<\/h2>\n\t\t\t<\/div>\n\t\t<\/div>\n\t<\/div>\n<\/article>\n<article class=\"qodef-e qodef-blog-item qodef-grid-item qodef-item--full post-9021 post type-post status-publish format-standard has-post-thumbnail hentry category-competition\">\n\t<div class=\"qodef-e-inner\">\n\t\t<div class=\"qodef-e-media-outer\">\n\t\t\t<div class=\"qodef-e-media\">\n\t<div class=\"qodef-e-media-image\">\n\t\t<a itemprop=\"url\" href=\"https:\/\/chrisfight.com\/index.php\/2023\/08\/23\/grand-prix-muay-thai-2023\/\">\n\t\t\t<img loading=\"lazy\" decoding=\"async\" width=\"2560\" height=\"1707\" src=\"https:\/\/chrisfight.com\/wp-content\/uploads\/2023\/08\/received_930971741405056-scaled.jpeg\" class=\"attachment-full size-full\" alt=\"NO PAIN NO GAIN !!\" srcset=\"https:\/\/chrisfight.com\/wp-content\/uploads\/2023\/08\/received_930971741405056-scaled.jpeg 2560w, https:\/\/chrisfight.com\/wp-content\/uploads\/2023\/08\/received_930971741405056-300x200.jpeg 300w, https:\/\/chrisfight.com\/wp-content\/uploads\/2023\/08\/received_930971741405056-1024x683.jpeg 1024w, https:\/\/chrisfight.com\/wp-content\/uploads\/2023\/08\/received_930971741405056-768x512.jpeg 768w, https:\/\/chrisfight.com\/wp-content\/uploads\/2023\/08\/received_930971741405056-1536x1024.jpeg 1536w, https:\/\/chrisfight.com\/wp-content\/uploads\/2023\/08\/received_930971741405056-2048x1366.jpeg 2048w, https:\/\/chrisfight.com\/wp-content\/uploads\/2023\/08\/received_930971741405056-600x400.jpeg 600w\" sizes=\"auto, (max-width: 2560px) 100vw, 2560px\" \/>\t\t<\/a>\n\t<\/div>\n<\/div>\n\n\t\t\t<div class=\"qodef-e-top-holder\">\n\t\t\t\t<div class=\"qodef-e-info\">\n\t\t\t\t\t<a href=\"https:\/\/chrisfight.com\/index.php\/category\/competition\/\" rel=\"tag\">Comp\u00e9tition<\/a><div class=\"qodef-info-separator-end\"><\/div><a title=\"Title Text: \" itemprop=\"dateCreated\" href=\"https:\/\/chrisfight.com\/index.php\/2023\/08\/\" class=\"entry-date \">\n\t23 August 2023<\/a><div class=\"qodef-info-separator-end\"><\/div>\n\t\t\t\t<\/div>\n\t\t\t<\/div>\n\t\t<\/div>\n\t\t<div class=\"qodef-e-content\">\n\t\t\t<div class=\"qodef-e-text\">\n\t\t\t\t<h2 itemprop=\"name\" class=\"qodef-e-title entry-title\" >\n\t<a itemprop=\"url\" class=\"qodef-e-title-link\" href=\"https:\/\/chrisfight.com\/index.php\/2023\/08\/23\/grand-prix-muay-thai-2023\/\">\n\t\tGrand Prix\u00a0Muay Tha\u00ef 2023\t<\/a>\n<\/h2>\n\t\t\t<\/div>\n\t\t<\/div>\n\t<\/div>\n<\/article>\n<article class=\"qodef-e qodef-blog-item qodef-grid-item qodef-item--full post-7006 post type-post status-publish format-standard has-post-thumbnail hentry category-competition\">\n\t<div class=\"qodef-e-inner\">\n\t\t<div class=\"qodef-e-media-outer\">\n\t\t\t<div class=\"qodef-e-media\">\n\t<div class=\"qodef-e-media-image\">\n\t\t<a itemprop=\"url\" href=\"https:\/\/chrisfight.com\/index.php\/2022\/05\/09\/championnat-de-france-de-muay-thai-educatif-2022\/\">\n\t\t\t<img loading=\"lazy\" decoding=\"async\" width=\"2560\" height=\"1707\" src=\"https:\/\/chrisfight.com\/wp-content\/uploads\/2022\/05\/chris_fight_bondy_128-scaled.jpg\" class=\"attachment-full size-full wp-post-image\" alt=\"\" srcset=\"https:\/\/chrisfight.com\/wp-content\/uploads\/2022\/05\/chris_fight_bondy_128-scaled.jpg 2560w, https:\/\/chrisfight.com\/wp-content\/uploads\/2022\/05\/chris_fight_bondy_128-300x200.jpg 300w, https:\/\/chrisfight.com\/wp-content\/uploads\/2022\/05\/chris_fight_bondy_128-1024x683.jpg 1024w, https:\/\/chrisfight.com\/wp-content\/uploads\/2022\/05\/chris_fight_bondy_128-768x512.jpg 768w, https:\/\/chrisfight.com\/wp-content\/uploads\/2022\/05\/chris_fight_bondy_128-1536x1024.jpg 1536w, https:\/\/chrisfight.com\/wp-content\/uploads\/2022\/05\/chris_fight_bondy_128-2048x1365.jpg 2048w, https:\/\/chrisfight.com\/wp-content\/uploads\/2022\/05\/chris_fight_bondy_128-600x400.jpg 600w\" sizes=\"auto, (max-width: 2560px) 100vw, 2560px\" \/>\t\t<\/a>\n\t<\/div>\n<\/div>\n\n\t\t\t<div class=\"qodef-e-top-holder\">\n\t\t\t\t<div class=\"qodef-e-info\">\n\t\t\t\t\t<a href=\"https:\/\/chrisfight.com\/index.php\/category\/competition\/\" rel=\"tag\">Comp\u00e9tition<\/a><div class=\"qodef-info-separator-end\"><\/div><a title=\"Title Text: \" itemprop=\"dateCreated\" href=\"https:\/\/chrisfight.com\/index.php\/2022\/05\/\" class=\"entry-date \">\n\t9 May 2022<\/a><div class=\"qodef-info-separator-end\"><\/div>\n\t\t\t\t<\/div>\n\t\t\t<\/div>\n\t\t<\/div>\n\t\t<div class=\"qodef-e-content\">\n\t\t\t<div class=\"qodef-e-text\">\n\t\t\t\t<h2 itemprop=\"name\" class=\"qodef-e-title entry-title\" >\n\t<a itemprop=\"url\" class=\"qodef-e-title-link\" href=\"https:\/\/chrisfight.com\/index.php\/2022\/05\/09\/championnat-de-france-de-muay-thai-educatif-2022\/\">\n\t\tChampionnat de France de Muay Tha\u00ef \u00c9ducatif 8 MAI 2022 \u00c0 LA HALLE CARPENTIER \u00c0 PARIS 13.\u200b\t<\/a>\n<\/h2>\n\t\t\t<\/div>\n\t\t<\/div>\n\t<\/div>\n<\/article>\n<article class=\"qodef-e qodef-blog-item qodef-grid-item qodef-item--full post-6450 post type-post status-publish format-standard has-post-thumbnail hentry category-le-club\">\n\t<div class=\"qodef-e-inner\">\n\t\t<div class=\"qodef-e-media-outer\">\n\t\t\t<div class=\"qodef-e-media\">\n\t<div class=\"qodef-e-media-image\">\n\t\t<a itemprop=\"url\" href=\"https:\/\/chrisfight.com\/index.php\/2022\/04\/17\/training\/\">\n\t\t\t<img loading=\"lazy\" decoding=\"async\" width=\"2560\" height=\"1707\" src=\"https:\/\/chrisfight.com\/wp-content\/uploads\/2021\/12\/chris_fight_bondy_124-scaled.jpg\" class=\"attachment-full size-full wp-post-image\" alt=\"\" srcset=\"https:\/\/chrisfight.com\/wp-content\/uploads\/2021\/12\/chris_fight_bondy_124-scaled.jpg 2560w, https:\/\/chrisfight.com\/wp-content\/uploads\/2021\/12\/chris_fight_bondy_124-300x200.jpg 300w, https:\/\/chrisfight.com\/wp-content\/uploads\/2021\/12\/chris_fight_bondy_124-1024x683.jpg 1024w, https:\/\/chrisfight.com\/wp-content\/uploads\/2021\/12\/chris_fight_bondy_124-768x512.jpg 768w, https:\/\/chrisfight.com\/wp-content\/uploads\/2021\/12\/chris_fight_bondy_124-1536x1024.jpg 1536w, https:\/\/chrisfight.com\/wp-content\/uploads\/2021\/12\/chris_fight_bondy_124-2048x1365.jpg 2048w, https:\/\/chrisfight.com\/wp-content\/uploads\/2021\/12\/chris_fight_bondy_124-600x400.jpg 600w\" sizes=\"auto, (max-width: 2560px) 100vw, 2560px\" \/>\t\t<\/a>\n\t<\/div>\n<\/div>\n\n\t\t\t<div class=\"qodef-e-top-holder\">\n\t\t\t\t<div class=\"qodef-e-info\">\n\t\t\t\t\t<a href=\"https:\/\/chrisfight.com\/index.php\/category\/le-club\/\" rel=\"tag\">Le Club<\/a><div class=\"qodef-info-separator-end\"><\/div><a title=\"Title Text: \" itemprop=\"dateCreated\" href=\"https:\/\/chrisfight.com\/index.php\/2022\/04\/\" class=\"entry-date \">\n\t17 April 2022<\/a><div class=\"qodef-info-separator-end\"><\/div>\n\t\t\t\t<\/div>\n\t\t\t<\/div>\n\t\t<\/div>\n\t\t<div class=\"qodef-e-content\">\n\t\t\t<div class=\"qodef-e-text\">\n\t\t\t\t<h2 itemprop=\"name\" class=\"qodef-e-title entry-title\" >\n\t<a itemprop=\"url\" class=\"qodef-e-title-link\" href=\"https:\/\/chrisfight.com\/index.php\/2022\/04\/17\/training\/\">\n\t\tUne \u00e9quipe de coachs qualifi\u00e9s pour vous pousser hors de votre zone de confort.\t<\/a>\n<\/h2>\n\t\t\t<\/div>\n\t\t<\/div>\n\t<\/div>\n<\/article>\n<article class=\"qodef-e qodef-blog-item qodef-grid-item qodef-item--full post-2207 post type-post status-publish format-standard has-post-thumbnail hentry category-le-club\">\n\t<div class=\"qodef-e-inner\">\n\t\t<div class=\"qodef-e-media-outer\">\n\t\t\t<div class=\"qodef-e-media\">\n\t<div class=\"qodef-e-media-image\">\n\t\t<a itemprop=\"url\" href=\"https:\/\/chrisfight.com\/index.php\/2021\/12\/16\/a-gym-setup-made-for-a-home-get-started-now\/\">\n\t\t\t<img loading=\"lazy\" decoding=\"async\" width=\"1024\" height=\"586\" src=\"https:\/\/chrisfight.com\/wp-content\/uploads\/2022\/04\/h1-rev-bg-1024x586-2.jpg\" class=\"attachment-full size-full wp-post-image\" alt=\"\" srcset=\"https:\/\/chrisfight.com\/wp-content\/uploads\/2022\/04\/h1-rev-bg-1024x586-2.jpg 1024w, https:\/\/chrisfight.com\/wp-content\/uploads\/2022\/04\/h1-rev-bg-1024x586-2-300x172.jpg 300w, https:\/\/chrisfight.com\/wp-content\/uploads\/2022\/04\/h1-rev-bg-1024x586-2-768x440.jpg 768w, https:\/\/chrisfight.com\/wp-content\/uploads\/2022\/04\/h1-rev-bg-1024x586-2-600x343.jpg 600w\" sizes=\"auto, (max-width: 1024px) 100vw, 1024px\" \/>\t\t<\/a>\n\t<\/div>\n<\/div>\n\n\t\t\t<div class=\"qodef-e-top-holder\">\n\t\t\t\t<div class=\"qodef-e-info\">\n\t\t\t\t\t<a href=\"https:\/\/chrisfight.com\/index.php\/category\/le-club\/\" rel=\"tag\">Le Club<\/a><div class=\"qodef-info-separator-end\"><\/div><a title=\"Title Text: \" itemprop=\"dateCreated\" href=\"https:\/\/chrisfight.com\/index.php\/2021\/12\/\" class=\"entry-date \">\n\t16 December 2021<\/a><div class=\"qodef-info-separator-end\"><\/div>\n\t\t\t\t<\/div>\n\t\t\t<\/div>\n\t\t<\/div>\n\t\t<div class=\"qodef-e-content\">\n\t\t\t<div class=\"qodef-e-text\">\n\t\t\t\t<h2 itemprop=\"name\" class=\"qodef-e-title entry-title\" >\n\t<a itemprop=\"url\" class=\"qodef-e-title-link\" href=\"https:\/\/chrisfight.com\/index.php\/2021\/12\/16\/a-gym-setup-made-for-a-home-get-started-now\/\">\n\t\tTraining Section Baby Boxe Tha\u00ef\t<\/a>\n<\/h2>\n\t\t\t<\/div>\n\t\t<\/div>\n\t<\/div>\n<\/article>\n\t<\/div>\n\t\t<div class=\"qodef-m-pagination qodef--standard\">\n\t\t<div class=\"qodef-m-pagination-inner\">\n\t\t\t<nav class=\"qodef-m-pagination-items\">\n\t\t\t\t<a class=\"qodef-m-pagination-item qodef--prev qodef--hide\" href=\"#\" data-paged=\"1\">\n\t\t\t\t\t<svg class=\"qodef-svg--pagination-arrow-left\" xmlns=\"http:\/\/www.w3.org\/2000\/svg\" width=\"5.994\" height=\"10.157\" viewBox=\"0 0 5.994 10.157\"><path d=\"M639.993,5290.862v10.157L634,5295.94Z\" transform=\"translate(-634 -5290.862)\" \/><\/svg>\t\t\t\t<\/a>\n\t\t\t\t\t\t\t\t\t<a class=\"qodef-m-pagination-item qodef--number qodef--number-1 qodef--active qodef-prev--hidden\" href=\"#\" data-paged=\"1\"> 1<\/a>\n\t\t\t\t\t\t\t\t\t\t\t\t\t\t<a class=\"qodef-m-pagination-item qodef--number qodef--number-2 \" href=\"#\" data-paged=\"2\"> 2<\/a>\n\t\t\t\t\t\t\t\t\t\t\t\t\t<a class=\"qodef-m-pagination-item qodef--next \" href=\"#\" data-paged=\"2\">\n\t\t\t\t\t<svg class=\"qodef-svg--pagination-arrow-right\" xmlns=\"http:\/\/www.w3.org\/2000\/svg\" width=\"6.025\" height=\"10.157\" viewBox=\"0 0 6.025 10.157\"><path d=\"M910.975,5290.862v10.157L917,5295.94Z\" transform=\"translate(-910.975 -5290.862)\" \/><\/svg>\t\t\t\t<\/a>\n\t\t\t<\/nav>\n\t\t<\/div>\n\t<\/div>\n\t<svg class=\"qodef-svg--spinner qodef-m-pagination-spinner\" xmlns=\"http:\/\/www.w3.org\/2000\/svg\" width=\"512\" height=\"512\" viewBox=\"0 0 512 512\"><path d=\"M304 48c0 26.51-21.49 48-48 48s-48-21.49-48-48 21.49-48 48-48 48 21.49 48 48zm-48 368c-26.51 0-48 21.49-48 48s21.49 48 48 48 48-21.49 48-48-21.49-48-48-48zm208-208c-26.51 0-48 21.49-48 48s21.49 48 48 48 48-21.49 48-48-21.49-48-48-48zM96 256c0-26.51-21.49-48-48-48S0 229.49 0 256s21.49 48 48 48 48-21.49 48-48zm12.922 99.078c-26.51 0-48 21.49-48 48s21.49 48 48 48 48-21.49 48-48c0-26.509-21.491-48-48-48zm294.156 0c-26.51 0-48 21.49-48 48s21.49 48 48 48 48-21.49 48-48c0-26.509-21.49-48-48-48zM108.922 60.922c-26.51 0-48 21.49-48 48s21.49 48 48 48 48-21.49 48-48-21.491-48-48-48z\"><\/path><\/svg><\/div>\n\t\t<\/div>\n\t\t\t\t<\/div>\n\t\t\t\t\t<\/div>\n\t\t<\/div>\n\t\t\t\t\t\t\t<\/div>\n\t\t<\/section>\n\t\t\t\t\t\t\t<\/div>\n\t\t","protected":false},"excerpt":{"rendered":"<p>Comp\u00e9titionNon class\u00e9 23 August 2023 Gala au stadium Max Muay Tha\u00ef \u00e0 Pattaya Comp\u00e9tition 23 August 2023 Grand Prix\u00a0Muay Tha\u00ef 2023 Comp\u00e9tition 9 May 2022 Championnat de France de Muay Tha\u00ef \u00c9ducatif 8 MAI 2022 \u00c0 LA HALLE CARPENTIER \u00c0 PARIS 13.\u200b Le Club 17 April 2022 Une \u00e9quipe de coachs qualifi\u00e9s pour vous pousser [&hellip;]<\/p>\n","protected":false},"author":1,"featured_media":0,"parent":0,"menu_order":0,"comment_status":"closed","ping_status":"closed","template":"","meta":{"footnotes":""},"class_list":["post-2040","page","type-page","status-publish","hentry"],"_links":{"self":[{"href":"https:\/\/chrisfight.com\/index.php\/wp-json\/wp\/v2\/pages\/2040","targetHints":{"allow":["GET"]}}],"collection":[{"href":"https:\/\/chrisfight.com\/index.php\/wp-json\/wp\/v2\/pages"}],"about":[{"href":"https:\/\/chrisfight.com\/index.php\/wp-json\/wp\/v2\/types\/page"}],"author":[{"embeddable":true,"href":"https:\/\/chrisfight.com\/index.php\/wp-json\/wp\/v2\/users\/1"}],"replies":[{"embeddable":true,"href":"https:\/\/chrisfight.com\/index.php\/wp-json\/wp\/v2\/comments?post=2040"}],"version-history":[{"count":13,"href":"https:\/\/chrisfight.com\/index.php\/wp-json\/wp\/v2\/pages\/2040\/revisions"}],"predecessor-version":[{"id":9070,"href":"https:\/\/chrisfight.com\/index.php\/wp-json\/wp\/v2\/pages\/2040\/revisions\/9070"}],"wp:attachment":[{"href":"https:\/\/chrisfight.com\/index.php\/wp-json\/wp\/v2\/media?parent=2040"}],"curies":[{"name":"wp","href":"https:\/\/api.w.org\/{rel}","templated":true}]}}